{"id":7589,"date":"2025-11-05T11:57:03","date_gmt":"2025-11-05T08:57:03","guid":{"rendered":"https:\/\/www.dmkbaltic.com\/?post_type=product&#038;p=7589"},"modified":"2025-11-05T12:03:12","modified_gmt":"2025-11-05T09:03:12","slug":"holiday-radiance-travel-kit","status":"publish","type":"product","link":"https:\/\/www.dmkbaltic.com\/ru\/product\/holiday-radiance-travel-kit\/","title":{"rendered":"Holiday Radiance Travel Kit"},"content":{"rendered":"<h2>\u041e\u043f\u0438\u0441\u0430\u043d\u0438\u0435<\/h2>\n<p>DMK Holiday Radiance Travel Kit \u2014 \u044d\u0442\u043e \u043d\u0430\u0431\u043e\u0440 \u0438\u0437 \u0447\u0435\u0442\u044b\u0440\u0435\u0445 \u043e\u0441\u043d\u043e\u0432\u043d\u044b\u0445 \u043f\u0440\u043e\u0434\u0443\u043a\u0442\u043e\u0432 \u043f\u043e \u0443\u0445\u043e\u0434\u0443 \u0437\u0430 \u043a\u043e\u0436\u0435\u0439, \u043a\u043e\u0442\u043e\u0440\u044b\u0435 \u0437\u0430\u0449\u0438\u0449\u0430\u044e\u0442 \u0438 \u0443\u0432\u043b\u0430\u0436\u043d\u044f\u044e\u0442 \u043a\u043e\u0436\u0443 \u0432\u043e \u0432\u0440\u0435\u043c\u044f \u043f\u0443\u0442\u0435\u0448\u0435\u0441\u0442\u0432\u0438\u0439. \u0412 \u043d\u0430\u0431\u043e\u0440 \u0432\u0445\u043e\u0434\u044f\u0442 Travel Deep Pore, Travel Herbs&amp;Mineral, Seba E 7,5 \u043c\u043b \u0438 Ultra Screen, \u043a\u043e\u0442\u043e\u0440\u044b\u0435 \u0432\u043c\u0435\u0441\u0442\u0435 \u0441\u043e\u0437\u0434\u0430\u044e\u0442 \u043c\u043e\u0449\u043d\u044b\u0439 \u0437\u0430\u0449\u0438\u0442\u043d\u044b\u0439 \u0431\u0430\u0440\u044c\u0435\u0440, \u0441\u043e\u0445\u0440\u0430\u043d\u044f\u044f \u0441\u0438\u044f\u043d\u0438\u0435 \u0438 \u0437\u0430\u0449\u0438\u0442\u0443 \u043a\u043e\u0436\u0438.<\/p>\n<h2>\u0412 \u044d\u0442\u043e\u0442 \u043d\u0430\u0431\u043e\u0440 \u0432\u0445\u043e\u0434\u044f\u0442:<\/h2>\n<p>Travel Deep Pore 60 \u043c\u043b \u2013 \u0441\u0440\u0435\u0434\u0441\u0442\u0432\u043e \u0434\u043b\u044f \u0433\u043b\u0443\u0431\u043e\u043a\u043e\u0433\u043e \u043e\u0447\u0438\u0449\u0435\u043d\u0438\u044f \u043f\u043e\u0440<\/p>\n<p>Travel Herbs&amp;Mineral 60ml \u2013 \u0441\u043f\u0440\u0435\u0439 \u0441 \u0440\u0430\u0441\u0442\u0438\u0442\u0435\u043b\u044c\u043d\u044b\u043c\u0438 \u044d\u043a\u0441\u0442\u0440\u0430\u043a\u0442\u0430\u043c\u0438 \u0438 \u043c\u0438\u043d\u0435\u0440\u0430\u043b\u0430\u043c\u0438, \u043a\u043e\u0442\u043e\u0440\u044b\u0439 \u043f\u043e\u043c\u043e\u0433\u0430\u0435\u0442 \u0443\u0432\u043b\u0430\u0436\u043d\u0438\u0442\u044c \u0438 \u0432\u043e\u0441\u0441\u0442\u0430\u043d\u043e\u0432\u0438\u0442\u044c \u0437\u0430\u0449\u0438\u0442\u043d\u044b\u0439 \u0431\u0430\u0440\u044c\u0435\u0440 \u043a\u043e\u0436\u0438<\/p>\n<p>Seba-E 7,5 \u043c\u043b \u2013 \u043c\u0430\u0441\u043b\u044f\u043d\u0430\u044f \u0441\u044b\u0432\u043e\u0440\u043e\u0442\u043a\u0430, \u0438\u043c\u0438\u0442\u0438\u0440\u0443\u044e\u0449\u0430\u044f \u0435\u0441\u0442\u0435\u0441\u0442\u0432\u0435\u043d\u043d\u044b\u0439 \u043a\u043e\u0436\u043d\u044b\u0439 \u0436\u0438\u0440\u043e\u0432\u043e\u0439 \u0441\u0435\u043a\u0440\u0435\u0442, \u043f\u0438\u0442\u0430\u0435\u0442 \u0438 \u0437\u0430\u0449\u0438\u0449\u0430\u0435\u0442 \u043a\u043e\u0436\u0443<\/p>\n<p>Ultra Screen 65 \u043c\u043b \u2013 \u0441\u043e\u043b\u043d\u0446\u0435\u0437\u0430\u0449\u0438\u0442\u043d\u044b\u0439 \u043a\u0440\u0435\u043c, \u043e\u0431\u0435\u0441\u043f\u0435\u0447\u0438\u0432\u0430\u044e\u0449\u0438\u0439 \u0437\u0430\u0449\u0438\u0442\u0443 \u043e\u0442 \u0443\u043b\u044c\u0442\u0440\u0430\u0444\u0438\u043e\u043b\u0435\u0442\u043e\u0432\u043e\u0433\u043e \u0438\u0437\u043b\u0443\u0447\u0435\u043d\u0438\u044f<\/p>","protected":false},"excerpt":{"rendered":"<p>Apraksts DMK Holiday Radiance Travel Kit ir \u010detru galveno \u0101das kop\u0161anas produktu komplekts, kas aizsarg\u0101 un mitrina \u0101du ce\u013cojumu laik\u0101. Komplekt\u0101 ietilpst Travel Deep Pore, Travel Herbs&amp;Mineral, Seba E 7,5ml un Ultra Screen, kas kop\u0101 veido sp\u0113c\u012bgu aizsargbarjeru, saglab\u0101jot \u0101das starojumu un aizsarg\u0101t\u012bbu. Komplekt\u0101 ietilpst: Travel Deep Pore 60ml &#8211; l\u012bdzeklis poru dzi\u013cai att\u012br\u012b\u0161anai Travel [&hellip;]<\/p>","protected":false},"featured_media":7592,"template":"","meta":{"site-sidebar-layout":"default","site-content-layout":"","ast-site-content-layout":"default","site-content-style":"default","site-sidebar-style":"default","ast-global-header-display":"","ast-banner-title-visibility":"","ast-main-header-display":"","ast-hfb-above-header-display":"","ast-hfb-below-header-display":"","ast-hfb-mobile-header-display":"","site-post-title":"","ast-breadcrumbs-content":"","ast-featured-img":"","footer-sml-layout":"","theme-transparent-header-meta":"default","adv-header-id-meta":"","stick-header-meta":"","header-above-stick-meta":"","header-main-stick-meta":"","header-below-stick-meta":"","astra-migrate-meta-layouts":"set","ast-page-background-enabled":"default","ast-page-background-meta":{"desktop":{"background-color":"","background-image":"","background-repeat":"repeat","background-position":"center center","background-size":"auto","background-attachment":"scroll","background-type":"","background-media":"","overlay-type":"","overlay-color":"","overlay-opacity":"","overlay-gradient":""},"tablet":{"background-color":"","background-image":"","background-repeat":"repeat","background-position":"center center","background-size":"auto","background-attachment":"scroll","background-type":"","background-media":"","overlay-type":"","overlay-color":"","overlay-opacity":"","overlay-gradient":""},"mobile":{"background-color":"","background-image":"","background-repeat":"repeat","background-position":"center center","background-size":"auto","background-attachment":"scroll","background-type":"","background-media":"","overlay-type":"","overlay-color":"","overlay-opacity":"","overlay-gradient":""}},"ast-content-background-meta":{"desktop":{"background-color":"var(--ast-global-color-5)","background-image":"","background-repeat":"repeat","background-position":"center center","background-size":"auto","background-attachment":"scroll","background-type":"","background-media":"","overlay-type":"","overlay-color":"","overlay-opacity":"","overlay-gradient":""},"tablet":{"background-color":"var(--ast-global-color-5)","background-image":"","background-repeat":"repeat","background-position":"center center","background-size":"auto","background-attachment":"scroll","background-type":"","background-media":"","overlay-type":"","overlay-color":"","overlay-opacity":"","overlay-gradient":""},"mobile":{"background-color":"var(--ast-global-color-5)","background-image":"","background-repeat":"repeat","background-position":"center center","background-size":"auto","background-attachment":"scroll","background-type":"","background-media":"","overlay-type":"","overlay-color":"","overlay-opacity":"","overlay-gradient":""}}},"product_brand":[],"product_cat":[202,15,165],"product_tag":[],"class_list":{"0":"post-7589","1":"product","2":"type-product","3":"status-publish","4":"has-post-thumbnail","6":"product_cat-xmas-kits","7":"product_cat-uncategorized","8":"product_cat-dmk-kits","9":"desktop-align-left","10":"tablet-align-left","11":"mobile-align-left","13":"first","14":"instock","15":"shipping-taxable","16":"product-type-simple"},"_links":{"self":[{"href":"https:\/\/www.dmkbaltic.com\/ru\/wp-json\/wp\/v2\/product\/7589","targetHints":{"allow":["GET"]}}],"collection":[{"href":"https:\/\/www.dmkbaltic.com\/ru\/wp-json\/wp\/v2\/product"}],"about":[{"href":"https:\/\/www.dmkbaltic.com\/ru\/wp-json\/wp\/v2\/types\/product"}],"version-history":[{"count":0,"href":"https:\/\/www.dmkbaltic.com\/ru\/wp-json\/wp\/v2\/product\/7589\/revisions"}],"wp:featuredmedia":[{"embeddable":true,"href":"https:\/\/www.dmkbaltic.com\/ru\/wp-json\/wp\/v2\/media\/7592"}],"wp:attachment":[{"href":"https:\/\/www.dmkbaltic.com\/ru\/wp-json\/wp\/v2\/media?parent=7589"}],"wp:term":[{"taxonomy":"product_brand","embeddable":true,"href":"https:\/\/www.dmkbaltic.com\/ru\/wp-json\/wp\/v2\/product_brand?post=7589"},{"taxonomy":"product_cat","embeddable":true,"href":"https:\/\/www.dmkbaltic.com\/ru\/wp-json\/wp\/v2\/product_cat?post=7589"},{"taxonomy":"product_tag","embeddable":true,"href":"https:\/\/www.dmkbaltic.com\/ru\/wp-json\/wp\/v2\/product_tag?post=7589"}],"curies":[{"name":"wp","href":"https:\/\/api.w.org\/{rel}","templated":true}]}}