{"id":7440,"date":"2025-04-02T13:55:33","date_gmt":"2025-04-02T10:55:33","guid":{"rendered":"https:\/\/www.dmkbaltic.com\/?post_type=product&#038;p=7440"},"modified":"2025-11-05T12:46:30","modified_gmt":"2025-11-05T09:46:30","slug":"hydra-glow-summer-kit","status":"publish","type":"product","link":"https:\/\/www.dmkbaltic.com\/ru\/product\/hydra-glow-summer-kit\/","title":{"rendered":"Hydra Glow Summer Kit"},"content":{"rendered":"<h3><strong>Komplekta Apraksts:<\/strong><\/h3>\n<p>Atkl\u0101jiet mitrin\u0101\u0161anas un aizsardz\u012bbas sp\u0113ku ar Hydra Glow Summer Kit &#8211; ekskluz\u012bvu komplektu no DMK Baltic! \u0160is komplekts ir paredz\u0113ts tiem, kas v\u0113las saglab\u0101t \u0101das svaigumu, mitrin\u0101\u0161anu un aizsardz\u012bbu siltaj\u0101 sezon\u0101.<\/p>\n<h3>Komplekta ietilpst:<\/h3>\n<p>\u2728 NutraScreen Color Balance 50ml &#8211; viegls ton\u0113jo\u0161s SPF kr\u0113ms aizsardz\u012bbai no saules.<br \/>\n\u2728 Hydrating Masque 60ml &#8211; dzi\u013ci mitrina un atjauno \u0101du.<br \/>\n\ud83c\udf81 Occlusive Mask &#8211; k\u0101 d\u0101vana! T\u0101 pastiprina kop\u0161anas efektu un saglab\u0101 mitrumu.<\/p>\n<p>\ud83c\udf81Micro Pearl 180ml -k\u0101 d\u0101vana!\u00a0 maigi att\u012bra un balina \u0101du.<\/p>","protected":false},"excerpt":{"rendered":"<p>Komplekta Apraksts: Atkl\u0101jiet mitrin\u0101\u0161anas un aizsardz\u012bbas sp\u0113ku ar Hydra Glow Summer Kit &#8211; ekskluz\u012bvu komplektu no DMK Baltic! \u0160is komplekts ir paredz\u0113ts tiem, kas v\u0113las saglab\u0101t \u0101das svaigumu, mitrin\u0101\u0161anu un aizsardz\u012bbu siltaj\u0101 sezon\u0101. Komplekta ietilpst: \u2728 NutraScreen Color Balance 50ml &#8211; viegls ton\u0113jo\u0161s SPF kr\u0113ms aizsardz\u012bbai no saules. \u2728 Hydrating Masque 60ml &#8211; dzi\u013ci mitrina [&hellip;]<\/p>","protected":false},"featured_media":7441,"template":"","meta":{"site-sidebar-layout":"default","site-content-layout":"","ast-site-content-layout":"default","site-content-style":"default","site-sidebar-style":"default","ast-global-header-display":"","ast-banner-title-visibility":"","ast-main-header-display":"","ast-hfb-above-header-display":"","ast-hfb-below-header-display":"","ast-hfb-mobile-header-display":"","site-post-title":"","ast-breadcrumbs-content":"","ast-featured-img":"","footer-sml-layout":"","theme-transparent-header-meta":"default","adv-header-id-meta":"","stick-header-meta":"","header-above-stick-meta":"","header-main-stick-meta":"","header-below-stick-meta":"","astra-migrate-meta-layouts":"set","ast-page-background-enabled":"default","ast-page-background-meta":{"desktop":{"background-color":"","background-image":"","background-repeat":"repeat","background-position":"center center","background-size":"auto","background-attachment":"scroll","background-type":"","background-media":"","overlay-type":"","overlay-color":"","overlay-opacity":"","overlay-gradient":""},"tablet":{"background-color":"","background-image":"","background-repeat":"repeat","background-position":"center center","background-size":"auto","background-attachment":"scroll","background-type":"","background-media":"","overlay-type":"","overlay-color":"","overlay-opacity":"","overlay-gradient":""},"mobile":{"background-color":"","background-image":"","background-repeat":"repeat","background-position":"center center","background-size":"auto","background-attachment":"scroll","background-type":"","background-media":"","overlay-type":"","overlay-color":"","overlay-opacity":"","overlay-gradient":""}},"ast-content-background-meta":{"desktop":{"background-color":"var(--ast-global-color-5)","background-image":"","background-repeat":"repeat","background-position":"center center","background-size":"auto","background-attachment":"scroll","background-type":"","background-media":"","overlay-type":"","overlay-color":"","overlay-opacity":"","overlay-gradient":""},"tablet":{"background-color":"var(--ast-global-color-5)","background-image":"","background-repeat":"repeat","background-position":"center center","background-size":"auto","background-attachment":"scroll","background-type":"","background-media":"","overlay-type":"","overlay-color":"","overlay-opacity":"","overlay-gradient":""},"mobile":{"background-color":"var(--ast-global-color-5)","background-image":"","background-repeat":"repeat","background-position":"center center","background-size":"auto","background-attachment":"scroll","background-type":"","background-media":"","overlay-type":"","overlay-color":"","overlay-opacity":"","overlay-gradient":""}}},"product_brand":[],"product_cat":[165],"product_tag":[],"class_list":{"0":"post-7440","1":"product","2":"type-product","3":"status-publish","4":"has-post-thumbnail","6":"product_cat-dmk-kits","7":"desktop-align-left","8":"tablet-align-left","9":"mobile-align-left","11":"first","12":"instock","13":"sale","14":"shipping-taxable","15":"product-type-simple"},"_links":{"self":[{"href":"https:\/\/www.dmkbaltic.com\/ru\/wp-json\/wp\/v2\/product\/7440","targetHints":{"allow":["GET"]}}],"collection":[{"href":"https:\/\/www.dmkbaltic.com\/ru\/wp-json\/wp\/v2\/product"}],"about":[{"href":"https:\/\/www.dmkbaltic.com\/ru\/wp-json\/wp\/v2\/types\/product"}],"version-history":[{"count":0,"href":"https:\/\/www.dmkbaltic.com\/ru\/wp-json\/wp\/v2\/product\/7440\/revisions"}],"wp:featuredmedia":[{"embeddable":true,"href":"https:\/\/www.dmkbaltic.com\/ru\/wp-json\/wp\/v2\/media\/7441"}],"wp:attachment":[{"href":"https:\/\/www.dmkbaltic.com\/ru\/wp-json\/wp\/v2\/media?parent=7440"}],"wp:term":[{"taxonomy":"product_brand","embeddable":true,"href":"https:\/\/www.dmkbaltic.com\/ru\/wp-json\/wp\/v2\/product_brand?post=7440"},{"taxonomy":"product_cat","embeddable":true,"href":"https:\/\/www.dmkbaltic.com\/ru\/wp-json\/wp\/v2\/product_cat?post=7440"},{"taxonomy":"product_tag","embeddable":true,"href":"https:\/\/www.dmkbaltic.com\/ru\/wp-json\/wp\/v2\/product_tag?post=7440"}],"curies":[{"name":"wp","href":"https:\/\/api.w.org\/{rel}","templated":true}]}}