{"id":6945,"date":"2023-10-20T15:37:24","date_gmt":"2023-10-20T12:37:24","guid":{"rendered":"https:\/\/www.dmkbaltic.com\/?post_type=product&#038;p=6945"},"modified":"2024-01-09T15:16:21","modified_gmt":"2024-01-09T12:16:21","slug":"dmk-occlusive-gel-socks","status":"publish","type":"product","link":"https:\/\/www.dmkbaltic.com\/ru\/product\/dmk-occlusive-gel-socks\/","title":{"rendered":"DMK Occlusive Gel Socks"},"content":{"rendered":"<h2>\u0421\u0432\u043e\u0439\u0441\u0442\u0432\u0430<\/h2>\n<p>\u041e\u043a\u043a\u043b\u044e\u0437\u0438\u043e\u043d\u043d\u044b\u0435 \u0433\u0435\u043b\u0435\u0432\u044b\u0435 \u043d\u043e\u0441\u043a\u0438 DMK \u043e\u0431\u0435\u0441\u043f\u0435\u0447\u0438\u0432\u0430\u044e\u0442 \u0431\u043e\u043b\u0435\u0435 \u0433\u043b\u0443\u0431\u043e\u043a\u043e\u0435 \u0443\u0432\u043b\u0430\u0436\u043d\u0435\u043d\u0438\u0435.<br \/>\n\u0414\u043b\u044f \u0443\u0441\u0438\u043b\u0435\u043d\u0438\u044f \u044d\u0444\u0444\u0435\u043a\u0442\u0430 \u0443\u0432\u043b\u0430\u0436\u043d\u0435\u043d\u0438\u044f, \u0440\u0435\u043a\u043e\u043c\u0435\u043d\u0434\u0443\u0435\u0442\u0441\u044f \u043d\u0430\u043d\u0435\u0441\u0442\u0438 \u043d\u0430 \u043d\u043e\u0433\u0438 \u043a\u0440\u0435\u043c Calerase \u0438 Herbal Pigment Oil.<\/p>\n<h2>\u041f\u043e\u043a\u0430\u0437\u0430\u043d\u0438\u044f<\/h2>\n<p>\u041c\u043e\u0437\u043e\u043b\u0438, \u0442\u0440\u0435\u0449\u0438\u043d\u044b \u043d\u0430 \u043f\u044f\u0442\u043a\u0430\u0445, \u0434\u043e\u043c\u0430\u0448\u043d\u0438\u0439 \u0443\u0445\u043e\u0434 \u043f\u043e\u0441\u043b\u0435 \u043f\u0440\u043e\u0446\u0435\u0434\u0443\u0440\u044b DMK MediPedi\u00ae, \u0433\u0440\u0443\u0431\u0430\u044f, \u0441\u0443\u0445\u0430\u044f \u043a\u043e\u0436\u0430 \u0438 \u0443\u0442\u043e\u043b\u0449\u0435\u043d\u043d\u044b\u0435 \u0443\u0447\u0430\u0441\u0442\u043a\u0438 (\u0432\u043a\u043b\u044e\u0447\u0430\u044f \u043a\u0435\u0440\u0430\u0442\u043e\u0437 \u043f\u0438\u043b\u044f\u0440\u0438\u0441 \u0438 \u0443\u0447\u0430\u0441\u0442\u043a\u0438, \u043f\u043e\u0434\u0432\u0435\u0440\u0436\u0435\u043d\u043d\u044b\u0435 \u0438\u043b\u0438 \u0441\u043a\u043b\u043e\u043d\u043d\u044b\u0435 \u043a \u043f\u043e\u044f\u0432\u043b\u0435\u043d\u0438\u044e \u0432\u0440\u043e\u0441\u0448\u0438\u0445 \u0432\u043e\u043b\u043e\u0441).<\/p>","protected":false},"excerpt":{"rendered":"<p>\u012apa\u0161\u012bbas DMK okl\u016bzijas g\u0113la ze\u0137es nodro\u0161ina dzi\u013c\u0101ku mitrin\u0101\u0161anu. Lai pastiprin\u0101tu mitrino\u0161o efektu, ieteicams uz p\u0113d\u0101m uzkl\u0101t kr\u0113mu Calerase un Herbal Pigment Oil. Nor\u0101des Kallusi, saplais\u0101ju\u0161i pap\u0113\u017ei, m\u0101jas kop\u0161ana p\u0113c DMK MediPedi\u00ae proced\u016bras, raupja, sausa \u0101da un sabiez\u0113ju\u0161i apvidi (tostarp keratozes pilaris un apvidi ar noslieci uz ieaugu\u0161iem mati\u0146iem).<\/p>","protected":false},"featured_media":6952,"template":"","meta":{"site-sidebar-layout":"default","site-content-layout":"","ast-site-content-layout":"default","site-content-style":"default","site-sidebar-style":"default","ast-global-header-display":"","ast-banner-title-visibility":"","ast-main-header-display":"","ast-hfb-above-header-display":"","ast-hfb-below-header-display":"","ast-hfb-mobile-header-display":"","site-post-title":"","ast-breadcrumbs-content":"","ast-featured-img":"","footer-sml-layout":"","theme-transparent-header-meta":"default","adv-header-id-meta":"","stick-header-meta":"","header-above-stick-meta":"","header-main-stick-meta":"","header-below-stick-meta":"","astra-migrate-meta-layouts":"set","ast-page-background-enabled":"default","ast-page-background-meta":{"desktop":{"background-color":"","background-image":"","background-repeat":"repeat","background-position":"center center","background-size":"auto","background-attachment":"scroll","background-type":"","background-media":"","overlay-type":"","overlay-color":"","overlay-opacity":"","overlay-gradient":""},"tablet":{"background-color":"","background-image":"","background-repeat":"repeat","background-position":"center center","background-size":"auto","background-attachment":"scroll","background-type":"","background-media":"","overlay-type":"","overlay-color":"","overlay-opacity":"","overlay-gradient":""},"mobile":{"background-color":"","background-image":"","background-repeat":"repeat","background-position":"center center","background-size":"auto","background-attachment":"scroll","background-type":"","background-media":"","overlay-type":"","overlay-color":"","overlay-opacity":"","overlay-gradient":""}},"ast-content-background-meta":{"desktop":{"background-color":"var(--ast-global-color-5)","background-image":"","background-repeat":"repeat","background-position":"center center","background-size":"auto","background-attachment":"scroll","background-type":"","background-media":"","overlay-type":"","overlay-color":"","overlay-opacity":"","overlay-gradient":""},"tablet":{"background-color":"var(--ast-global-color-5)","background-image":"","background-repeat":"repeat","background-position":"center center","background-size":"auto","background-attachment":"scroll","background-type":"","background-media":"","overlay-type":"","overlay-color":"","overlay-opacity":"","overlay-gradient":""},"mobile":{"background-color":"var(--ast-global-color-5)","background-image":"","background-repeat":"repeat","background-position":"center center","background-size":"auto","background-attachment":"scroll","background-type":"","background-media":"","overlay-type":"","overlay-color":"","overlay-opacity":"","overlay-gradient":""}}},"product_brand":[],"product_cat":[15,133],"product_tag":[],"class_list":{"0":"post-6945","1":"product","2":"type-product","3":"status-publish","4":"has-post-thumbnail","6":"product_cat-uncategorized","7":"product_cat-dmk-zimola-produkti","8":"desktop-align-left","9":"tablet-align-left","10":"mobile-align-left","12":"first","13":"instock","14":"shipping-taxable","15":"product-type-simple"},"_links":{"self":[{"href":"https:\/\/www.dmkbaltic.com\/ru\/wp-json\/wp\/v2\/product\/6945","targetHints":{"allow":["GET"]}}],"collection":[{"href":"https:\/\/www.dmkbaltic.com\/ru\/wp-json\/wp\/v2\/product"}],"about":[{"href":"https:\/\/www.dmkbaltic.com\/ru\/wp-json\/wp\/v2\/types\/product"}],"version-history":[{"count":0,"href":"https:\/\/www.dmkbaltic.com\/ru\/wp-json\/wp\/v2\/product\/6945\/revisions"}],"wp:featuredmedia":[{"embeddable":true,"href":"https:\/\/www.dmkbaltic.com\/ru\/wp-json\/wp\/v2\/media\/6952"}],"wp:attachment":[{"href":"https:\/\/www.dmkbaltic.com\/ru\/wp-json\/wp\/v2\/media?parent=6945"}],"wp:term":[{"taxonomy":"product_brand","embeddable":true,"href":"https:\/\/www.dmkbaltic.com\/ru\/wp-json\/wp\/v2\/product_brand?post=6945"},{"taxonomy":"product_cat","embeddable":true,"href":"https:\/\/www.dmkbaltic.com\/ru\/wp-json\/wp\/v2\/product_cat?post=6945"},{"taxonomy":"product_tag","embeddable":true,"href":"https:\/\/www.dmkbaltic.com\/ru\/wp-json\/wp\/v2\/product_tag?post=6945"}],"curies":[{"name":"wp","href":"https:\/\/api.w.org\/{rel}","templated":true}]}}