{"id":6920,"date":"2023-10-20T14:33:16","date_gmt":"2023-10-20T11:33:16","guid":{"rendered":"https:\/\/www.dmkbaltic.com\/?post_type=product&#038;p=6920"},"modified":"2026-01-05T13:35:36","modified_gmt":"2026-01-05T10:35:36","slug":"dmk-glacial-glow-kit","status":"publish","type":"product","link":"https:\/\/www.dmkbaltic.com\/ru\/product\/dmk-glacial-glow-kit\/","title":{"rendered":"DMK Glacial Glow Kit"},"content":{"rendered":"<h2>\u041e\u043f\u0438\u0441\u0430\u043d\u0438\u0435<\/h2>\n<p>\u042d\u0442\u043e\u0442 \u0441\u043a\u0430\u0437\u043e\u0447\u043d\u044b\u0439 \u043d\u0430\u0431\u043e\u0440 DMK Holiday Kit \u0432\u043a\u043b\u044e\u0447\u0430\u0435\u0442 \u0432 \u0441\u0435\u0431\u044f \u0433\u0435\u043b\u0435\u0432\u043e\u0435 \u043e\u0442\u0448\u0435\u043b\u0443\u0448\u0438\u0432\u0430\u044e\u0449\u0435\u0435 \u0441\u0440\u0435\u0434\u0441\u0442\u0432\u043e \u0438 \u0431\u0435\u0437\u043e\u043f\u0430\u0441\u043d\u044b\u0439 \u0443\u0432\u043b\u0430\u0436\u043d\u044f\u044e\u0449\u0438\u0439 \u043a\u0440\u0435\u043c \u0434\u043b\u044f \u043b\u0435\u0447\u0435\u043d\u0438\u044f \u0433\u0438\u043f\u0435\u0440\u043f\u0438\u0433\u043c\u0435\u043d\u0442\u0430\u0446\u0438\u0438, \u0430 \u0442\u0430\u043a\u0436\u0435 \u043a\u0440\u0438\u043e\u0442\u0435\u0440\u0430\u043f\u0438\u044e \u043b\u0435\u0434\u044f\u043d\u044b\u043c\u0438 \u0448\u0430\u0440\u0430\u043c\u0438 \u0434\u043b\u044f \u043c\u0430\u043a\u0441\u0438\u043c\u0430\u043b\u044c\u043d\u043e\u0433\u043e \u0443\u043b\u0443\u0447\u0448\u0435\u043d\u0438\u044f \u0446\u0432\u0435\u0442\u0430 \u043b\u0438\u0446\u0430.<\/p>\n<h2>\u0412 \u044d\u0442\u043e\u0442 \u043d\u0430\u0431\u043e\u0440 \u0432\u0445\u043e\u0434\u044f\u0442:<\/h2>\n<p>DMK \u0448\u0430\u0440\u0438\u043a\u0438  (\u043f\u043e\u043b\u043e\u0436\u0438\u0442\u044c \u0432 \u043c\u043e\u0440\u043e\u0437\u0438\u043b\u043a\u0443 \u043d\u0430 30 \u043c\u0438\u043d\u0443\u0442)<\/p>\n<p>DMK Super Bright<\/p>\n<p>DMK Micro Peel<\/p>\n<p>DMK \u043a\u043e\u0441\u043c\u0435\u0442\u0438\u0447\u043a\u0430<\/p>","protected":false},"excerpt":{"rendered":"<p>Apraksts \u0160aj\u0101 sap\u0146ainaj\u0101 DMK br\u012bvdienu komplekt\u0101 ir iek\u013cauta g\u0113la p\u012blings un dro\u0161s mitrin\u0101t\u0101js hiperpigment\u0101cijas \u0101rst\u0113\u0161anai kr\u0113ms un Cryo ledus globusa terapija, lai atkl\u0101tu maksim\u0101lu sejas kr\u0101su paspilgtiniet \u0161o br\u012bvdienu sezonu. \u0160aj\u0101 komplekt\u0101 ietilpst: DMK ledus bumbi\u0146as (ievietojiet sald\u0113tav\u0101 uz 30 min\u016bt\u0113m) DMK Super Bright DMK Micro Peel DMK soma<\/p>","protected":false},"featured_media":6922,"template":"","meta":{"site-sidebar-layout":"default","site-content-layout":"","ast-site-content-layout":"default","site-content-style":"default","site-sidebar-style":"default","ast-global-header-display":"","ast-banner-title-visibility":"","ast-main-header-display":"","ast-hfb-above-header-display":"","ast-hfb-below-header-display":"","ast-hfb-mobile-header-display":"","site-post-title":"","ast-breadcrumbs-content":"","ast-featured-img":"","footer-sml-layout":"","theme-transparent-header-meta":"default","adv-header-id-meta":"","stick-header-meta":"","header-above-stick-meta":"","header-main-stick-meta":"","header-below-stick-meta":"","astra-migrate-meta-layouts":"set","ast-page-background-enabled":"default","ast-page-background-meta":{"desktop":{"background-color":"","background-image":"","background-repeat":"repeat","background-position":"center center","background-size":"auto","background-attachment":"scroll","background-type":"","background-media":"","overlay-type":"","overlay-color":"","overlay-opacity":"","overlay-gradient":""},"tablet":{"background-color":"","background-image":"","background-repeat":"repeat","background-position":"center center","background-size":"auto","background-attachment":"scroll","background-type":"","background-media":"","overlay-type":"","overlay-color":"","overlay-opacity":"","overlay-gradient":""},"mobile":{"background-color":"","background-image":"","background-repeat":"repeat","background-position":"center center","background-size":"auto","background-attachment":"scroll","background-type":"","background-media":"","overlay-type":"","overlay-color":"","overlay-opacity":"","overlay-gradient":""}},"ast-content-background-meta":{"desktop":{"background-color":"var(--ast-global-color-5)","background-image":"","background-repeat":"repeat","background-position":"center center","background-size":"auto","background-attachment":"scroll","background-type":"","background-media":"","overlay-type":"","overlay-color":"","overlay-opacity":"","overlay-gradient":""},"tablet":{"background-color":"var(--ast-global-color-5)","background-image":"","background-repeat":"repeat","background-position":"center center","background-size":"auto","background-attachment":"scroll","background-type":"","background-media":"","overlay-type":"","overlay-color":"","overlay-opacity":"","overlay-gradient":""},"mobile":{"background-color":"var(--ast-global-color-5)","background-image":"","background-repeat":"repeat","background-position":"center center","background-size":"auto","background-attachment":"scroll","background-type":"","background-media":"","overlay-type":"","overlay-color":"","overlay-opacity":"","overlay-gradient":""}}},"product_brand":[],"product_cat":[15,165],"product_tag":[],"class_list":{"0":"post-6920","1":"product","2":"type-product","3":"status-publish","4":"has-post-thumbnail","6":"product_cat-uncategorized","7":"product_cat-dmk-kits","8":"desktop-align-left","9":"tablet-align-left","10":"mobile-align-left","12":"first","13":"instock","14":"shipping-taxable","15":"product-type-simple"},"_links":{"self":[{"href":"https:\/\/www.dmkbaltic.com\/ru\/wp-json\/wp\/v2\/product\/6920","targetHints":{"allow":["GET"]}}],"collection":[{"href":"https:\/\/www.dmkbaltic.com\/ru\/wp-json\/wp\/v2\/product"}],"about":[{"href":"https:\/\/www.dmkbaltic.com\/ru\/wp-json\/wp\/v2\/types\/product"}],"version-history":[{"count":0,"href":"https:\/\/www.dmkbaltic.com\/ru\/wp-json\/wp\/v2\/product\/6920\/revisions"}],"wp:featuredmedia":[{"embeddable":true,"href":"https:\/\/www.dmkbaltic.com\/ru\/wp-json\/wp\/v2\/media\/6922"}],"wp:attachment":[{"href":"https:\/\/www.dmkbaltic.com\/ru\/wp-json\/wp\/v2\/media?parent=6920"}],"wp:term":[{"taxonomy":"product_brand","embeddable":true,"href":"https:\/\/www.dmkbaltic.com\/ru\/wp-json\/wp\/v2\/product_brand?post=6920"},{"taxonomy":"product_cat","embeddable":true,"href":"https:\/\/www.dmkbaltic.com\/ru\/wp-json\/wp\/v2\/product_cat?post=6920"},{"taxonomy":"product_tag","embeddable":true,"href":"https:\/\/www.dmkbaltic.com\/ru\/wp-json\/wp\/v2\/product_tag?post=6920"}],"curies":[{"name":"wp","href":"https:\/\/api.w.org\/{rel}","templated":true}]}}