{"id":6756,"date":"2023-10-11T14:29:17","date_gmt":"2023-10-11T11:29:17","guid":{"rendered":"https:\/\/www.dmkbaltic.com\/?post_type=product&#038;p=6756"},"modified":"2023-10-20T13:46:07","modified_gmt":"2023-10-20T10:46:07","slug":"dmkc-foundation-olive-beige-4-95gr","status":"publish","type":"product","link":"https:\/\/www.dmkbaltic.com\/ru\/product\/dmkc-foundation-olive-beige-4-95gr\/","title":{"rendered":"DMKC Foundation Olive Beige 4 (9,5gr)"},"content":{"rendered":"<h2>\u041f\u043e\u043a\u0430\u0437\u0430\u043d\u0438\u044f<\/h2>\n<p>\u0421\u0435\u0440\u0438\u044f Olive \u0441\u043e\u0441\u0442\u043e\u0438\u0442 \u0438\u0437 5 \u0446\u0432\u0435\u0442\u043e\u0432 \u0441 \u043f\u0440\u0438\u0433\u043b\u0443\u0448\u0435\u043d\u043d\u044b\u043c\u0438 \u043d\u0435\u0439\u0442\u0440\u0430\u043b\u044c\u043d\u044b\u043c\u0438 \u043e\u043b\u0438\u0432\u043a\u043e\u0432\u044b\u043c\u0438 \u0442\u043e\u043d\u0430\u043c\u0438.<\/p>\n<p>\u041e\u043d \u0441\u043f\u0435\u0446\u0438\u0430\u043b\u044c\u043d\u043e \u0440\u0430\u0437\u0440\u0430\u0431\u043e\u0442\u0430\u043d \u0434\u043b\u044f \u044e\u0436\u043d\u043e-\u0435\u0432\u0440\u043e\u043f\u0435\u0439\u0441\u043a\u043e\u0433\u043e \u0442\u0438\u043f\u0430 \u043a\u043e\u0436\u0438 \u0438 \u0442\u0435\u043c\u043d\u044b\u0445 \u043a\u0430\u0432\u043a\u0430\u0437\u0441\u043a\u0438\u0445 \u0442\u043e\u043d\u043e\u0432 \u043a\u043e\u0436\u0438.<\/p>\n<h2>\u041e\u0431\u044a\u0451\u043c<\/h2>\n<p>\u041a\u0430\u0436\u0434\u044b\u0439 \u043a\u043e\u043d\u0442\u0435\u0439\u043d\u0435\u0440 \u0432\u0435\u0441\u043e\u043c 9,5 \u0433 \u0440\u0430\u0441\u0441\u0447\u0438\u0442\u0430\u043d \u043d\u0430 120-150 \u043d\u0430\u043d\u0435\u0441\u0435\u043d\u0438\u0439. \u041a\u0430\u0436\u0434\u044b\u0439 \u0442\u043e\u043d\u0430\u043b\u044c\u043d\u044b\u0439 \u043a\u0440\u0435\u043c \u0443\u043f\u0430\u043a\u043e\u0432\u0430\u043d \u0432 \u043a\u043e\u043c\u043f\u0430\u043a\u0442\u043d\u044b\u0439 \u043a\u043e\u043d\u0442\u0435\u0439\u043d\u0435\u0440 \u0441 \u0437\u0435\u0440\u043a\u0430\u043b\u043e\u043c \u0438 \u043f\u0440\u043e\u0437\u0440\u0430\u0447\u043d\u044b\u043c \u0434\u043d\u043e\u043c \u0434\u043b\u044f \u0431\u044b\u0441\u0442\u0440\u043e\u0433\u043e \u043e\u043f\u0440\u0435\u0434\u0435\u043b\u0435\u043d\u0438\u044f \u0446\u0432\u0435\u0442\u0430. \u0412 \u043a\u0430\u0436\u0434\u043e\u0439 \u0441\u0435\u0440\u0438\u0438 \u043f\u0440\u0435\u0434\u0441\u0442\u0430\u0432\u043b\u0435\u043d\u044b \u0446\u0432\u0435\u0442\u0430 \u043e\u0442 \u0431\u043e\u043b\u0435\u0435 \u0441\u0432\u0435\u0442\u043b\u043e\u0433\u043e \u0434\u043e \u0431\u043e\u043b\u0435\u0435 \u043d\u0430\u0441\u044b\u0449\u0435\u043d\u043d\u043e\u0433\u043e.<\/p>","protected":false},"excerpt":{"rendered":"<p>Nor\u0101des Olive s\u0113rija sast\u0101v no 5 kr\u0101s\u0101m ar izsl\u0113gtiem neitr\u0101liem ol\u012bvu to\u0146iem. Tas ir \u012bpa\u0161i izstr\u0101d\u0101ts Dienvideiropas \u0101das tipiem un tum\u0161\u0101kiem kauk\u0101zie\u0161u \u0101das to\u0146iem. Tilpums Katr\u0101 9,5 gramu konteiner\u0101 var ievietot 120 l\u012bdz 150 lietojumu. Katrs ton\u0101lais kr\u0113ms ir iepakots kompakt\u0101 trauk\u0101 ar spoguli un caursp\u012bd\u012bgu dibenu \u0101trai kr\u0101sas noteik\u0161anai. Katra s\u0113rija ietver kr\u0101sas no [&hellip;]<\/p>","protected":false},"featured_media":6903,"template":"","meta":{"site-sidebar-layout":"default","site-content-layout":"","ast-site-content-layout":"default","site-content-style":"default","site-sidebar-style":"default","ast-global-header-display":"","ast-banner-title-visibility":"","ast-main-header-display":"","ast-hfb-above-header-display":"","ast-hfb-below-header-display":"","ast-hfb-mobile-header-display":"","site-post-title":"","ast-breadcrumbs-content":"","ast-featured-img":"","footer-sml-layout":"","theme-transparent-header-meta":"default","adv-header-id-meta":"","stick-header-meta":"","header-above-stick-meta":"","header-main-stick-meta":"","header-below-stick-meta":"","astra-migrate-meta-layouts":"set","ast-page-background-enabled":"default","ast-page-background-meta":{"desktop":{"background-color":"","background-image":"","background-repeat":"repeat","background-position":"center center","background-size":"auto","background-attachment":"scroll","background-type":"","background-media":"","overlay-type":"","overlay-color":"","overlay-opacity":"","overlay-gradient":""},"tablet":{"background-color":"","background-image":"","background-repeat":"repeat","background-position":"center center","background-size":"auto","background-attachment":"scroll","background-type":"","background-media":"","overlay-type":"","overlay-color":"","overlay-opacity":"","overlay-gradient":""},"mobile":{"background-color":"","background-image":"","background-repeat":"repeat","background-position":"center center","background-size":"auto","background-attachment":"scroll","background-type":"","background-media":"","overlay-type":"","overlay-color":"","overlay-opacity":"","overlay-gradient":""}},"ast-content-background-meta":{"desktop":{"background-color":"var(--ast-global-color-5)","background-image":"","background-repeat":"repeat","background-position":"center center","background-size":"auto","background-attachment":"scroll","background-type":"","background-media":"","overlay-type":"","overlay-color":"","overlay-opacity":"","overlay-gradient":""},"tablet":{"background-color":"var(--ast-global-color-5)","background-image":"","background-repeat":"repeat","background-position":"center center","background-size":"auto","background-attachment":"scroll","background-type":"","background-media":"","overlay-type":"","overlay-color":"","overlay-opacity":"","overlay-gradient":""},"mobile":{"background-color":"var(--ast-global-color-5)","background-image":"","background-repeat":"repeat","background-position":"center center","background-size":"auto","background-attachment":"scroll","background-type":"","background-media":"","overlay-type":"","overlay-color":"","overlay-opacity":"","overlay-gradient":""}}},"product_brand":[],"product_cat":[15,135],"product_tag":[],"class_list":{"0":"post-6756","1":"product","2":"type-product","3":"status-publish","4":"has-post-thumbnail","6":"product_cat-uncategorized","7":"product_cat-dmk-cosmetic","8":"desktop-align-left","9":"tablet-align-left","10":"mobile-align-left","12":"first","13":"instock","14":"shipping-taxable","15":"product-type-simple"},"_links":{"self":[{"href":"https:\/\/www.dmkbaltic.com\/ru\/wp-json\/wp\/v2\/product\/6756","targetHints":{"allow":["GET"]}}],"collection":[{"href":"https:\/\/www.dmkbaltic.com\/ru\/wp-json\/wp\/v2\/product"}],"about":[{"href":"https:\/\/www.dmkbaltic.com\/ru\/wp-json\/wp\/v2\/types\/product"}],"version-history":[{"count":0,"href":"https:\/\/www.dmkbaltic.com\/ru\/wp-json\/wp\/v2\/product\/6756\/revisions"}],"wp:featuredmedia":[{"embeddable":true,"href":"https:\/\/www.dmkbaltic.com\/ru\/wp-json\/wp\/v2\/media\/6903"}],"wp:attachment":[{"href":"https:\/\/www.dmkbaltic.com\/ru\/wp-json\/wp\/v2\/media?parent=6756"}],"wp:term":[{"taxonomy":"product_brand","embeddable":true,"href":"https:\/\/www.dmkbaltic.com\/ru\/wp-json\/wp\/v2\/product_brand?post=6756"},{"taxonomy":"product_cat","embeddable":true,"href":"https:\/\/www.dmkbaltic.com\/ru\/wp-json\/wp\/v2\/product_cat?post=6756"},{"taxonomy":"product_tag","embeddable":true,"href":"https:\/\/www.dmkbaltic.com\/ru\/wp-json\/wp\/v2\/product_tag?post=6756"}],"curies":[{"name":"wp","href":"https:\/\/api.w.org\/{rel}","templated":true}]}}