{"id":6652,"date":"2023-10-10T16:14:49","date_gmt":"2023-10-10T13:14:49","guid":{"rendered":"https:\/\/www.dmkbaltic.com\/?post_type=product&#038;p=6652"},"modified":"2023-10-20T14:02:27","modified_gmt":"2023-10-20T11:02:27","slug":"dmkc-foundation-golden-4","status":"publish","type":"product","link":"https:\/\/www.dmkbaltic.com\/ru\/product\/dmkc-foundation-golden-4\/","title":{"rendered":"DMKC Foundation Golden 4 (9.5g)"},"content":{"rendered":"<h2>\u041e\u043f\u0438\u0441\u0430\u043d\u0438\u0435<\/h2>\n<p>C\u0435\u0440\u0438\u044f DMKC Golden \u0441\u043e\u0441\u0442\u043e\u0438\u0442 \u0438\u0437 4 \u0446\u0432\u0435\u0442\u043e\u0432 - \u043e\u0442 \u043c\u044f\u0433\u043a\u043e\u0433\u043e \u0436\u0435\u043b\u0442\u043e\u0433\u043e \u0434\u043e \u0441\u0432\u0435\u0442\u043b\u043e-\u043a\u043e\u0440\u0438\u0447\u043d\u0435\u0432\u043e\u0433\u043e. \u0417\u043e\u043b\u043e\u0442\u0438\u0441\u0442\u043e-\u0436\u0435\u043b\u0442\u044b\u0435 \u0431\u0430\u0437\u043e\u0432\u044b\u0435 \u043e\u0442\u0442\u0435\u043d\u043a\u0438 \u0438\u0434\u0435\u0430\u043b\u044c\u043d\u043e \u043f\u043e\u0434\u0445\u043e\u0434\u044f\u0442 \u0434\u043b\u044f \u043f\u043e\u043a\u0443\u043f\u0430\u0442\u0435\u043b\u0435\u0439 \u0441 \u0442\u043e\u043d\u043e\u043c \u043a\u043e\u0436\u0438 \u043e\u0442 \u0441\u0432\u0435\u0442\u043b\u043e-\u0436\u0435\u043b\u0442\u043e\u0433\u043e \u0434\u043e \u0442\u0435\u043c\u043d\u043e-\u043e\u043b\u0438\u0432\u043a\u043e\u0432\u043e-\u0436\u0435\u043b\u0442\u043e\u0433\u043e.<\/p>\n<h2>\u041e\u0431\u044a\u0451\u043c<\/h2>\n<p>\u041a\u0430\u0436\u0434\u044b\u0439 \u043a\u043e\u043d\u0442\u0435\u0439\u043d\u0435\u0440 \u0441\u0435\u0440\u0438\u0438 Foundation \u0432\u0435\u0441\u043e\u043c 9,5 \u0433 (.34 \u0443\u043d\u0446\u0438\u0438) \u043e\u0431\u0435\u0441\u043f\u0435\u0447\u0438\u0432\u0430\u0435\u0442 \u043e\u0442 120 \u0434\u043e 150 \u043d\u0430\u043d\u0435\u0441\u0435\u043d\u0438\u0439 \u043e\u0431\u044b\u0447\u043d\u043e\u0433\u043e \u043f\u043e\u043a\u0440\u044b\u0442\u0438\u044f \u043e\u0442 \u043f\u0440\u043e\u0437\u0440\u0430\u0447\u043d\u043e\u0433\u043e \u0434\u043e \u043f\u043e\u043b\u043d\u043e\u0433\u043e. \u041a\u0430\u0436\u0434\u044b\u0439 \u0442\u043e\u043d\u0430\u043b\u044c\u043d\u044b\u0439 \u043a\u0440\u0435\u043c \u0443\u043f\u0430\u043a\u043e\u0432\u0430\u043d \u0432 \u043a\u043e\u043c\u043f\u0430\u043a\u0442\u043d\u0443\u044e \u0443\u043f\u0430\u043a\u043e\u0432\u043a\u0443 \u0441 \u043f\u0440\u043e\u0437\u0440\u0430\u0447\u043d\u043e\u0439 \u043e\u0441\u043d\u043e\u0432\u043e\u0439, \u043f\u043e\u0437\u0432\u043e\u043b\u044f\u044e\u0449\u0435\u0439 \u043b\u0435\u0433\u043a\u043e \u043e\u043f\u0440\u0435\u0434\u0435\u043b\u0438\u0442\u044c \u0446\u0432\u0435\u0442 \u043f\u0440\u043e\u0434\u0443\u043a\u0442\u0430.<\/p>","protected":false},"excerpt":{"rendered":"<p>Apraksts DMKC Golden s\u0113rija sast\u0101v no 4 kr\u0101s\u0101m, s\u0101kot no maigi dzeltenas l\u012bdz gai\u0161i br\u016bnai nokr\u0101sai. Golden dzelten\u0101s kr\u0101sas pamattoni ir lieliski piem\u0113roti klientiem ar \u0101das toni no gai\u0161i dzelten\u012bga l\u012bdz tum\u0161i dzelten\u012bgi ol\u012bve\u013c\u013cainam. Tilpums Katr\u0101 SERIES Foundation 9,5 g (.34oz.) iepakojum\u0101 b\u016bs aptuveni 120 l\u012bdz 150 regul\u0101ru sejas vai piln\u012bga p\u0101rkl\u0101juma uzkl\u0101\u0161anas k\u0101rtu. Katrs [&hellip;]<\/p>","protected":false},"featured_media":6653,"template":"","meta":{"site-sidebar-layout":"default","site-content-layout":"","ast-site-content-layout":"default","site-content-style":"default","site-sidebar-style":"default","ast-global-header-display":"","ast-banner-title-visibility":"","ast-main-header-display":"","ast-hfb-above-header-display":"","ast-hfb-below-header-display":"","ast-hfb-mobile-header-display":"","site-post-title":"","ast-breadcrumbs-content":"","ast-featured-img":"","footer-sml-layout":"","theme-transparent-header-meta":"default","adv-header-id-meta":"","stick-header-meta":"","header-above-stick-meta":"","header-main-stick-meta":"","header-below-stick-meta":"","astra-migrate-meta-layouts":"set","ast-page-background-enabled":"default","ast-page-background-meta":{"desktop":{"background-color":"","background-image":"","background-repeat":"repeat","background-position":"center center","background-size":"auto","background-attachment":"scroll","background-type":"","background-media":"","overlay-type":"","overlay-color":"","overlay-opacity":"","overlay-gradient":""},"tablet":{"background-color":"","background-image":"","background-repeat":"repeat","background-position":"center center","background-size":"auto","background-attachment":"scroll","background-type":"","background-media":"","overlay-type":"","overlay-color":"","overlay-opacity":"","overlay-gradient":""},"mobile":{"background-color":"","background-image":"","background-repeat":"repeat","background-position":"center center","background-size":"auto","background-attachment":"scroll","background-type":"","background-media":"","overlay-type":"","overlay-color":"","overlay-opacity":"","overlay-gradient":""}},"ast-content-background-meta":{"desktop":{"background-color":"var(--ast-global-color-5)","background-image":"","background-repeat":"repeat","background-position":"center center","background-size":"auto","background-attachment":"scroll","background-type":"","background-media":"","overlay-type":"","overlay-color":"","overlay-opacity":"","overlay-gradient":""},"tablet":{"background-color":"var(--ast-global-color-5)","background-image":"","background-repeat":"repeat","background-position":"center center","background-size":"auto","background-attachment":"scroll","background-type":"","background-media":"","overlay-type":"","overlay-color":"","overlay-opacity":"","overlay-gradient":""},"mobile":{"background-color":"var(--ast-global-color-5)","background-image":"","background-repeat":"repeat","background-position":"center center","background-size":"auto","background-attachment":"scroll","background-type":"","background-media":"","overlay-type":"","overlay-color":"","overlay-opacity":"","overlay-gradient":""}}},"product_brand":[],"product_cat":[15,135],"product_tag":[],"class_list":{"0":"post-6652","1":"product","2":"type-product","3":"status-publish","4":"has-post-thumbnail","6":"product_cat-uncategorized","7":"product_cat-dmk-cosmetic","8":"desktop-align-left","9":"tablet-align-left","10":"mobile-align-left","12":"first","13":"instock","14":"shipping-taxable","15":"product-type-simple"},"_links":{"self":[{"href":"https:\/\/www.dmkbaltic.com\/ru\/wp-json\/wp\/v2\/product\/6652","targetHints":{"allow":["GET"]}}],"collection":[{"href":"https:\/\/www.dmkbaltic.com\/ru\/wp-json\/wp\/v2\/product"}],"about":[{"href":"https:\/\/www.dmkbaltic.com\/ru\/wp-json\/wp\/v2\/types\/product"}],"version-history":[{"count":0,"href":"https:\/\/www.dmkbaltic.com\/ru\/wp-json\/wp\/v2\/product\/6652\/revisions"}],"wp:featuredmedia":[{"embeddable":true,"href":"https:\/\/www.dmkbaltic.com\/ru\/wp-json\/wp\/v2\/media\/6653"}],"wp:attachment":[{"href":"https:\/\/www.dmkbaltic.com\/ru\/wp-json\/wp\/v2\/media?parent=6652"}],"wp:term":[{"taxonomy":"product_brand","embeddable":true,"href":"https:\/\/www.dmkbaltic.com\/ru\/wp-json\/wp\/v2\/product_brand?post=6652"},{"taxonomy":"product_cat","embeddable":true,"href":"https:\/\/www.dmkbaltic.com\/ru\/wp-json\/wp\/v2\/product_cat?post=6652"},{"taxonomy":"product_tag","embeddable":true,"href":"https:\/\/www.dmkbaltic.com\/ru\/wp-json\/wp\/v2\/product_tag?post=6652"}],"curies":[{"name":"wp","href":"https:\/\/api.w.org\/{rel}","templated":true}]}}