{"id":6017,"date":"2023-08-22T18:19:55","date_gmt":"2023-08-22T15:19:55","guid":{"rendered":"https:\/\/dev.facecorner.lv\/dmklv\/?post_type=product&#038;p=6017"},"modified":"2023-10-10T15:51:49","modified_gmt":"2023-10-10T12:51:49","slug":"%d0%bf%d1%83%d0%b4%d1%80%d0%b0-dark-translucent","status":"publish","type":"product","link":"https:\/\/www.dmkbaltic.com\/ru\/product\/%d0%bf%d1%83%d0%b4%d1%80%d0%b0-dark-translucent\/","title":{"rendered":"DMKC Powder Dark Translucent"},"content":{"rendered":"<h2>\u041e\u043f\u0438\u0441\u0430\u043d\u0438\u0435<\/h2>\n<p>\u041f\u0443\u0434\u0440\u0430 \u0434\u043b\u044f \u0442\u0435\u043c\u043d\u044b\u0445 \u043e\u0442\u0442\u0435\u043d\u043a\u043e\u0432 \u043a\u043e\u0436\u0438<\/p>\n<h2><span style=\"font-size: 27.2px;\">\u041e\u0431\u044a\u0451\u043c<\/span><\/h2>\n<p>\u0412\u0441\u0435 HD \u043f\u0443\u0434\u0440\u044b DMKC \u043f\u043e\u0441\u0442\u0430\u0432\u043b\u044f\u044e\u0442\u0441\u044f \u0432 7 \u0433. \u043a\u043e\u043d\u0442\u0435\u0439\u043d\u0435\u0440\u0430\u0445.<\/p>\n<div><\/div>\n<div>\u041a\u0430\u0436\u0434\u044b\u0439 \u043a\u043e\u043d\u0442\u0435\u0439\u043d\u0435\u0440 \u0441\u043d\u0430\u0431\u0436\u0435\u043d \u0444\u0438\u043b\u044c\u0442\u0440\u043e\u043c-\u0434\u043e\u0437\u0430\u0442\u043e\u0440\u043e\u043c<\/div>","protected":false},"excerpt":{"rendered":"<p>Apraksts P\u016bderis tum\u0161\u0101kiem \u0101das to\u0146iem Tilpums Visi DMKC HD pulveri tiek pieg\u0101d\u0101ti 7 g iepakojumos. Katrs konteiners ir apr\u012bkots ar filtru dozatoru.<\/p>","protected":false},"featured_media":6089,"template":"","meta":{"site-sidebar-layout":"default","site-content-layout":"","ast-site-content-layout":"default","site-content-style":"default","site-sidebar-style":"default","ast-global-header-display":"","ast-banner-title-visibility":"","ast-main-header-display":"","ast-hfb-above-header-display":"","ast-hfb-below-header-display":"","ast-hfb-mobile-header-display":"","site-post-title":"","ast-breadcrumbs-content":"","ast-featured-img":"","footer-sml-layout":"","theme-transparent-header-meta":"default","adv-header-id-meta":"","stick-header-meta":"","header-above-stick-meta":"","header-main-stick-meta":"","header-below-stick-meta":"","astra-migrate-meta-layouts":"set","ast-page-background-enabled":"default","ast-page-background-meta":{"desktop":{"background-color":"","background-image":"","background-repeat":"repeat","background-position":"center center","background-size":"auto","background-attachment":"scroll","background-type":"","background-media":"","overlay-type":"","overlay-color":"","overlay-opacity":"","overlay-gradient":""},"tablet":{"background-color":"","background-image":"","background-repeat":"repeat","background-position":"center center","background-size":"auto","background-attachment":"scroll","background-type":"","background-media":"","overlay-type":"","overlay-color":"","overlay-opacity":"","overlay-gradient":""},"mobile":{"background-color":"","background-image":"","background-repeat":"repeat","background-position":"center center","background-size":"auto","background-attachment":"scroll","background-type":"","background-media":"","overlay-type":"","overlay-color":"","overlay-opacity":"","overlay-gradient":""}},"ast-content-background-meta":{"desktop":{"background-color":"var(--ast-global-color-5)","background-image":"","background-repeat":"repeat","background-position":"center center","background-size":"auto","background-attachment":"scroll","background-type":"","background-media":"","overlay-type":"","overlay-color":"","overlay-opacity":"","overlay-gradient":""},"tablet":{"background-color":"var(--ast-global-color-5)","background-image":"","background-repeat":"repeat","background-position":"center center","background-size":"auto","background-attachment":"scroll","background-type":"","background-media":"","overlay-type":"","overlay-color":"","overlay-opacity":"","overlay-gradient":""},"mobile":{"background-color":"var(--ast-global-color-5)","background-image":"","background-repeat":"repeat","background-position":"center center","background-size":"auto","background-attachment":"scroll","background-type":"","background-media":"","overlay-type":"","overlay-color":"","overlay-opacity":"","overlay-gradient":""}}},"product_brand":[],"product_cat":[15,135],"product_tag":[],"class_list":{"0":"post-6017","1":"product","2":"type-product","3":"status-publish","4":"has-post-thumbnail","6":"product_cat-uncategorized","7":"product_cat-dmk-cosmetic","8":"desktop-align-left","9":"tablet-align-left","10":"mobile-align-left","12":"first","13":"instock","14":"shipping-taxable","15":"product-type-simple"},"_links":{"self":[{"href":"https:\/\/www.dmkbaltic.com\/ru\/wp-json\/wp\/v2\/product\/6017","targetHints":{"allow":["GET"]}}],"collection":[{"href":"https:\/\/www.dmkbaltic.com\/ru\/wp-json\/wp\/v2\/product"}],"about":[{"href":"https:\/\/www.dmkbaltic.com\/ru\/wp-json\/wp\/v2\/types\/product"}],"version-history":[{"count":0,"href":"https:\/\/www.dmkbaltic.com\/ru\/wp-json\/wp\/v2\/product\/6017\/revisions"}],"wp:featuredmedia":[{"embeddable":true,"href":"https:\/\/www.dmkbaltic.com\/ru\/wp-json\/wp\/v2\/media\/6089"}],"wp:attachment":[{"href":"https:\/\/www.dmkbaltic.com\/ru\/wp-json\/wp\/v2\/media?parent=6017"}],"wp:term":[{"taxonomy":"product_brand","embeddable":true,"href":"https:\/\/www.dmkbaltic.com\/ru\/wp-json\/wp\/v2\/product_brand?post=6017"},{"taxonomy":"product_cat","embeddable":true,"href":"https:\/\/www.dmkbaltic.com\/ru\/wp-json\/wp\/v2\/product_cat?post=6017"},{"taxonomy":"product_tag","embeddable":true,"href":"https:\/\/www.dmkbaltic.com\/ru\/wp-json\/wp\/v2\/product_tag?post=6017"}],"curies":[{"name":"wp","href":"https:\/\/api.w.org\/{rel}","templated":true}]}}