{"id":5949,"date":"2023-08-22T18:19:32","date_gmt":"2023-08-22T15:19:32","guid":{"rendered":"https:\/\/dev.facecorner.lv\/dmklv\/?post_type=product&#038;p=5949"},"modified":"2023-10-11T13:28:53","modified_gmt":"2023-10-11T10:28:53","slug":"pink-hilite","status":"publish","type":"product","link":"https:\/\/www.dmkbaltic.com\/ru\/product\/pink-hilite\/","title":{"rendered":"DMKC Corrector Pink HiLite Refill 3gr"},"content":{"rendered":"<h2>\u041e\u043f\u0438\u0441\u0430\u043d\u0438\u0435<\/h2>\n<p>\u041f\u0440\u0435\u0434\u043d\u0430\u0437\u043d\u0430\u0447\u0435\u043d \u043d\u0435 \u0442\u043e\u043b\u044c\u043a\u043e \u0434\u043b\u044f \u0432\u044b\u0441\u0432\u0435\u0442\u043b\u0435\u043d\u0438\u044f \u0443\u0447\u0430\u0441\u0442\u043a\u043e\u0432 \u043b\u0438\u0446\u0430, \u043d\u043e \u0438 \u0434\u043b\u044f \u0443\u0441\u0442\u0440\u0430\u043d\u0435\u043d\u0438\u044f \u0442\u0435\u043c\u043d\u044b\u0445 \u043f\u044f\u0442\u0435\u043d, \u043a\u043e\u0442\u043e\u0440\u044b\u0435 \u043e\u0441\u043e\u0431\u0435\u043d\u043d\u043e \u0437\u0430\u043c\u0435\u0442\u043d\u044b \u0432\u043e\u043a\u0440\u0443\u0433 \u0433\u043b\u0430\u0437 \u0438 \u043f\u043e\u0434 \u043d\u0438\u043c\u0438. \u041f\u0440\u0435\u0434\u043d\u0430\u0437\u043d\u0430\u0447\u0435\u043d \u0434\u043b\u044f \u0441\u0432\u0435\u0442\u043b\u044b\u0445 \u0438 \u0441\u0440\u0435\u0434\u043d\u0438\u0445 \u0442\u043e\u043d\u043e\u0432 \u043a\u043e\u0436\u0438, Pink HiLite - \u0445\u0430\u0439\u043b\u0430\u0439\u0442\u0435\u0440, \u0438\u0441\u043f\u043e\u043b\u044c\u0437\u0443\u0435\u043c\u044b\u0439 \u0434\u043b\u044f \u0431\u043e\u043b\u0435\u0435 \u0445\u043e\u043b\u043e\u0434\u043d\u044b\u0445 \u0442\u043e\u043d\u043e\u0432 \u043a\u043e\u0436\u0438.<\/p>\n<h2>\u041e\u0431\u044a\u0451\u043c<\/h2>\n<p>3 \u0433<\/p>","protected":false},"excerpt":{"rendered":"<p>Apraksts Paredz\u0113ts ne tikai sejas zonu izgaismo\u0161anai, bet ar\u012b br\u016bn\u0101 iekr\u0101sojuma nov\u0113r\u0161anai, kas \u012bpa\u0161i izplat\u012bts ap ac\u012bm un zem ac\u012bm. Paredz\u0113ts gai\u0161iem l\u012bdz vid\u0113ji gai\u0161iem \u0101das to\u0146iem, Pink HiLite ir izgaismot\u0101js, ko izmanto v\u0113s\u0101kiem \u0101das to\u0146iem. Tilpums 3 gr<\/p>","protected":false},"featured_media":5998,"template":"","meta":{"site-sidebar-layout":"default","site-content-layout":"","ast-site-content-layout":"default","site-content-style":"default","site-sidebar-style":"default","ast-global-header-display":"","ast-banner-title-visibility":"","ast-main-header-display":"","ast-hfb-above-header-display":"","ast-hfb-below-header-display":"","ast-hfb-mobile-header-display":"","site-post-title":"","ast-breadcrumbs-content":"","ast-featured-img":"","footer-sml-layout":"","theme-transparent-header-meta":"default","adv-header-id-meta":"","stick-header-meta":"","header-above-stick-meta":"","header-main-stick-meta":"","header-below-stick-meta":"","astra-migrate-meta-layouts":"set","ast-page-background-enabled":"default","ast-page-background-meta":{"desktop":{"background-color":"","background-image":"","background-repeat":"repeat","background-position":"center center","background-size":"auto","background-attachment":"scroll","background-type":"","background-media":"","overlay-type":"","overlay-color":"","overlay-opacity":"","overlay-gradient":""},"tablet":{"background-color":"","background-image":"","background-repeat":"repeat","background-position":"center center","background-size":"auto","background-attachment":"scroll","background-type":"","background-media":"","overlay-type":"","overlay-color":"","overlay-opacity":"","overlay-gradient":""},"mobile":{"background-color":"","background-image":"","background-repeat":"repeat","background-position":"center center","background-size":"auto","background-attachment":"scroll","background-type":"","background-media":"","overlay-type":"","overlay-color":"","overlay-opacity":"","overlay-gradient":""}},"ast-content-background-meta":{"desktop":{"background-color":"var(--ast-global-color-5)","background-image":"","background-repeat":"repeat","background-position":"center center","background-size":"auto","background-attachment":"scroll","background-type":"","background-media":"","overlay-type":"","overlay-color":"","overlay-opacity":"","overlay-gradient":""},"tablet":{"background-color":"var(--ast-global-color-5)","background-image":"","background-repeat":"repeat","background-position":"center center","background-size":"auto","background-attachment":"scroll","background-type":"","background-media":"","overlay-type":"","overlay-color":"","overlay-opacity":"","overlay-gradient":""},"mobile":{"background-color":"var(--ast-global-color-5)","background-image":"","background-repeat":"repeat","background-position":"center center","background-size":"auto","background-attachment":"scroll","background-type":"","background-media":"","overlay-type":"","overlay-color":"","overlay-opacity":"","overlay-gradient":""}}},"product_brand":[],"product_cat":[15,135],"product_tag":[],"class_list":{"0":"post-5949","1":"product","2":"type-product","3":"status-publish","4":"has-post-thumbnail","6":"product_cat-uncategorized","7":"product_cat-dmk-cosmetic","8":"desktop-align-left","9":"tablet-align-left","10":"mobile-align-left","12":"first","13":"instock","14":"shipping-taxable","15":"product-type-simple"},"_links":{"self":[{"href":"https:\/\/www.dmkbaltic.com\/ru\/wp-json\/wp\/v2\/product\/5949","targetHints":{"allow":["GET"]}}],"collection":[{"href":"https:\/\/www.dmkbaltic.com\/ru\/wp-json\/wp\/v2\/product"}],"about":[{"href":"https:\/\/www.dmkbaltic.com\/ru\/wp-json\/wp\/v2\/types\/product"}],"version-history":[{"count":0,"href":"https:\/\/www.dmkbaltic.com\/ru\/wp-json\/wp\/v2\/product\/5949\/revisions"}],"wp:featuredmedia":[{"embeddable":true,"href":"https:\/\/www.dmkbaltic.com\/ru\/wp-json\/wp\/v2\/media\/5998"}],"wp:attachment":[{"href":"https:\/\/www.dmkbaltic.com\/ru\/wp-json\/wp\/v2\/media?parent=5949"}],"wp:term":[{"taxonomy":"product_brand","embeddable":true,"href":"https:\/\/www.dmkbaltic.com\/ru\/wp-json\/wp\/v2\/product_brand?post=5949"},{"taxonomy":"product_cat","embeddable":true,"href":"https:\/\/www.dmkbaltic.com\/ru\/wp-json\/wp\/v2\/product_cat?post=5949"},{"taxonomy":"product_tag","embeddable":true,"href":"https:\/\/www.dmkbaltic.com\/ru\/wp-json\/wp\/v2\/product_tag?post=5949"}],"curies":[{"name":"wp","href":"https:\/\/api.w.org\/{rel}","templated":true}]}}