{"id":5948,"date":"2023-08-22T18:19:32","date_gmt":"2023-08-22T15:19:32","guid":{"rendered":"https:\/\/dev.facecorner.lv\/dmklv\/?post_type=product&#038;p=5948"},"modified":"2023-10-20T14:06:07","modified_gmt":"2023-10-20T11:06:07","slug":"dark-hilite","status":"publish","type":"product","link":"https:\/\/www.dmkbaltic.com\/ru\/product\/dark-hilite\/","title":{"rendered":"DMKC corrector Dark HiLite refill 3g"},"content":{"rendered":"<h2>\u041e\u043f\u0438\u0441\u0430\u043d\u0438\u0435<\/h2>\n<p>\u042d\u0442\u043e\u0442 \u0436\u0435\u043b\u0442\u043e-\u0448\u043e\u043a\u043e\u043b\u0430\u0434\u043d\u044b\u0439 \u0441\u043e\u0441\u0442\u0430\u0432 \u043f\u043e\u043c\u043e\u0433\u0430\u0435\u0442 \u0432\u044b\u0434\u0435\u043b\u0438\u0442\u044c \u0438 \u043f\u043e\u0434\u0447\u0435\u0440\u043a\u043d\u0443\u0442\u044c \u0442\u0435\u043c\u043d\u044b\u0435 \u0443\u0447\u0430\u0441\u0442\u043a\u0438 \u043a\u043e\u0436\u0438. \u041e\u043d \u043b\u0435\u0433\u043a\u043e \u0441\u043e\u0447\u0435\u0442\u0430\u0435\u0442\u0441\u044f \u0441\u043e \u0432\u0441\u0435\u043c\u0438 \u0442\u043e\u043d\u0430\u043b\u044c\u043d\u044b\u043c\u0438 \u043e\u0441\u043d\u043e\u0432\u0430\u043c\u0438 DMKC \u0431\u043e\u043b\u0435\u0435 \u0442\u0435\u043c\u043d\u044b\u0445 \u0446\u0432\u0435\u0442\u043e\u0432. \u0412\u044b\u0434\u0435\u043b\u044f\u0435\u0442 \u0438 \u043f\u043e\u0434\u0447\u0435\u0440\u043a\u0438\u0432\u0430\u0435\u0442 \u0442\u043e\u043d\u0430 \u043a\u043e\u0436\u0438 \u043e\u0442 \u0441\u0440\u0435\u0434\u043d\u0435-\u0442\u0435\u043c\u043d\u044b\u0445 \u0434\u043e \u043d\u0430\u0441\u044b\u0449\u0435\u043d\u043d\u044b\u0445, \u0435\u0441\u0442\u0435\u0441\u0442\u0432\u0435\u043d\u043d\u044b\u0445, \u043d\u0435\u0436\u043d\u043e-\u043a\u043e\u0440\u0438\u0447\u043d\u0435\u0432\u044b\u0445.<\/p>\n<h2>\u041e\u0431\u044a\u0451\u043c<\/h2>\n<p>3 \u0433<\/p>","protected":false},"excerpt":{"rendered":"<p>Apraksts \u0160\u012b dzelteni \u0161okol\u0101des kr\u0101sas formula pal\u012bdz\u0113s izcelt un akcent\u0113t tum\u0161\u0101kas \u0101das kr\u0101sas zonas. T\u0101 viegli sapl\u016bst ar visiem DMKC tum\u0161\u0101ku kr\u0101su DMKC grima pamatiem. Izce\u013c un akcent\u0113 \u0101das to\u0146us no vid\u0113ji tum\u0161iem l\u012bdz pies\u0101tin\u0101tiem, dabiskiem, smalki br\u016bniem to\u0146iem. Tilpums 3 gr<\/p>","protected":false},"featured_media":5996,"template":"","meta":{"site-sidebar-layout":"default","site-content-layout":"","ast-site-content-layout":"default","site-content-style":"default","site-sidebar-style":"default","ast-global-header-display":"","ast-banner-title-visibility":"","ast-main-header-display":"","ast-hfb-above-header-display":"","ast-hfb-below-header-display":"","ast-hfb-mobile-header-display":"","site-post-title":"","ast-breadcrumbs-content":"","ast-featured-img":"","footer-sml-layout":"","theme-transparent-header-meta":"default","adv-header-id-meta":"","stick-header-meta":"","header-above-stick-meta":"","header-main-stick-meta":"","header-below-stick-meta":"","astra-migrate-meta-layouts":"set","ast-page-background-enabled":"default","ast-page-background-meta":{"desktop":{"background-color":"","background-image":"","background-repeat":"repeat","background-position":"center center","background-size":"auto","background-attachment":"scroll","background-type":"","background-media":"","overlay-type":"","overlay-color":"","overlay-opacity":"","overlay-gradient":""},"tablet":{"background-color":"","background-image":"","background-repeat":"repeat","background-position":"center center","background-size":"auto","background-attachment":"scroll","background-type":"","background-media":"","overlay-type":"","overlay-color":"","overlay-opacity":"","overlay-gradient":""},"mobile":{"background-color":"","background-image":"","background-repeat":"repeat","background-position":"center center","background-size":"auto","background-attachment":"scroll","background-type":"","background-media":"","overlay-type":"","overlay-color":"","overlay-opacity":"","overlay-gradient":""}},"ast-content-background-meta":{"desktop":{"background-color":"var(--ast-global-color-5)","background-image":"","background-repeat":"repeat","background-position":"center center","background-size":"auto","background-attachment":"scroll","background-type":"","background-media":"","overlay-type":"","overlay-color":"","overlay-opacity":"","overlay-gradient":""},"tablet":{"background-color":"var(--ast-global-color-5)","background-image":"","background-repeat":"repeat","background-position":"center center","background-size":"auto","background-attachment":"scroll","background-type":"","background-media":"","overlay-type":"","overlay-color":"","overlay-opacity":"","overlay-gradient":""},"mobile":{"background-color":"var(--ast-global-color-5)","background-image":"","background-repeat":"repeat","background-position":"center center","background-size":"auto","background-attachment":"scroll","background-type":"","background-media":"","overlay-type":"","overlay-color":"","overlay-opacity":"","overlay-gradient":""}}},"product_brand":[],"product_cat":[15,135],"product_tag":[],"class_list":{"0":"post-5948","1":"product","2":"type-product","3":"status-publish","4":"has-post-thumbnail","6":"product_cat-uncategorized","7":"product_cat-dmk-cosmetic","8":"desktop-align-left","9":"tablet-align-left","10":"mobile-align-left","12":"first","13":"instock","14":"shipping-taxable","15":"product-type-simple"},"_links":{"self":[{"href":"https:\/\/www.dmkbaltic.com\/ru\/wp-json\/wp\/v2\/product\/5948","targetHints":{"allow":["GET"]}}],"collection":[{"href":"https:\/\/www.dmkbaltic.com\/ru\/wp-json\/wp\/v2\/product"}],"about":[{"href":"https:\/\/www.dmkbaltic.com\/ru\/wp-json\/wp\/v2\/types\/product"}],"version-history":[{"count":0,"href":"https:\/\/www.dmkbaltic.com\/ru\/wp-json\/wp\/v2\/product\/5948\/revisions"}],"wp:featuredmedia":[{"embeddable":true,"href":"https:\/\/www.dmkbaltic.com\/ru\/wp-json\/wp\/v2\/media\/5996"}],"wp:attachment":[{"href":"https:\/\/www.dmkbaltic.com\/ru\/wp-json\/wp\/v2\/media?parent=5948"}],"wp:term":[{"taxonomy":"product_brand","embeddable":true,"href":"https:\/\/www.dmkbaltic.com\/ru\/wp-json\/wp\/v2\/product_brand?post=5948"},{"taxonomy":"product_cat","embeddable":true,"href":"https:\/\/www.dmkbaltic.com\/ru\/wp-json\/wp\/v2\/product_cat?post=5948"},{"taxonomy":"product_tag","embeddable":true,"href":"https:\/\/www.dmkbaltic.com\/ru\/wp-json\/wp\/v2\/product_tag?post=5948"}],"curies":[{"name":"wp","href":"https:\/\/api.w.org\/{rel}","templated":true}]}}