{"id":5898,"date":"2023-08-22T18:19:09","date_gmt":"2023-08-22T15:19:09","guid":{"rendered":"https:\/\/dev.facecorner.lv\/dmklv\/?post_type=product&#038;p=5898"},"modified":"2023-10-10T15:46:44","modified_gmt":"2023-10-10T12:46:44","slug":"dmk-premier-powder","status":"publish","type":"product","link":"https:\/\/www.dmkbaltic.com\/ru\/product\/dmk-premier-powder\/","title":{"rendered":"DMKC Premier Powder Brush"},"content":{"rendered":"<h2>\u041e\u043f\u0438\u0441\u0430\u043d\u0438\u0435<\/h2>\n<ul>\n<li>\u0412\u0441\u0435 \u043a\u0438\u0441\u0442\u0438 \u0434\u043b\u044f \u043f\u0443\u0434\u0440\u044b DMKC \u0438\u0437\u0433\u043e\u0442\u0430\u0432\u043b\u0438\u0432\u0430\u044e\u0442\u0441\u044f \u0438\u0437 \u0432\u044b\u0441\u043e\u043a\u043e\u043a\u0430\u0447\u0435\u0441\u0442\u0432\u0435\u043d\u043d\u043e\u0433\u043e \u043c\u0435\u0445\u0430 \u0435\u043d\u043e\u0442\u0430, \u043a\u043e\u0442\u043e\u0440\u044b\u0439 \u043f\u043e \u043a\u0430\u0447\u0435\u0441\u0442\u0432\u0443 \u0438 \u043c\u044f\u0433\u043a\u043e\u0441\u0442\u0438 \u043f\u0440\u0438\u0437\u043d\u0430\u043d \u043b\u0443\u0447\u0448\u0438\u043c \u043c\u0430\u0442\u0435\u0440\u0438\u0430\u043b\u043e\u043c \u043a\u0438\u0441\u0442\u0435\u0439 \u0434\u043b\u044f \u043f\u0443\u0434\u0440\u044b.<\/li>\n<\/ul>\n<p>&nbsp;<\/p>\n<ul>\n<li>\u0412\u0435\u0441\u044c \u043c\u0435\u0445 \u043f\u043e\u0441\u0442\u0430\u0432\u043b\u044f\u0435\u0442\u0441\u044f \u0441 \u043e\u043f\u0440\u0435\u0434\u0435\u043b\u0435\u043d\u043d\u044b\u0445 \u0444\u0435\u0440\u043c, \u0433\u0434\u0435 \u0436\u0438\u0432\u043e\u0442\u043d\u044b\u043c \u043d\u0435 \u043f\u0440\u0438\u0447\u0438\u043d\u044f\u0435\u0442\u0441\u044f \u043d\u0438\u043a\u0430\u043a\u043e\u0433\u043e \u0432\u0440\u0435\u0434\u0430 \u0432 \u043f\u0440\u043e\u0446\u0435\u0441\u0441\u0435 \u043f\u0440\u043e\u0438\u0437\u0432\u043e\u0434\u0441\u0442\u0432\u0430.<\/li>\n<\/ul>\n<p>&nbsp;<\/p>","protected":false},"excerpt":{"rendered":"<p>Apraksts Visas DMKC p\u016bdera otas ir izgatavotas no augstas kvalit\u0101tes jenota ka\u017eok\u0101das, kas ir visp\u0101ratz\u012bta k\u0101 lab\u0101kais p\u016bdera otu materi\u0101ls t\u0101s kvalit\u0101tes un maiguma d\u0113\u013c. &nbsp; Visas ka\u017eok\u0101das tiek ieg\u016btas no \u012bpa\u0161\u0101m saimniec\u012bb\u0101m, kur\u0101s ra\u017eo\u0161anas proces\u0101 netiek nodar\u012bts kait\u0113jums dz\u012bvniekiem. &nbsp;<\/p>","protected":false},"featured_media":5972,"template":"","meta":{"site-sidebar-layout":"default","site-content-layout":"","ast-site-content-layout":"default","site-content-style":"default","site-sidebar-style":"default","ast-global-header-display":"","ast-banner-title-visibility":"","ast-main-header-display":"","ast-hfb-above-header-display":"","ast-hfb-below-header-display":"","ast-hfb-mobile-header-display":"","site-post-title":"","ast-breadcrumbs-content":"","ast-featured-img":"","footer-sml-layout":"","theme-transparent-header-meta":"default","adv-header-id-meta":"","stick-header-meta":"","header-above-stick-meta":"","header-main-stick-meta":"","header-below-stick-meta":"","astra-migrate-meta-layouts":"set","ast-page-background-enabled":"default","ast-page-background-meta":{"desktop":{"background-color":"","background-image":"","background-repeat":"repeat","background-position":"center center","background-size":"auto","background-attachment":"scroll","background-type":"","background-media":"","overlay-type":"","overlay-color":"","overlay-opacity":"","overlay-gradient":""},"tablet":{"background-color":"","background-image":"","background-repeat":"repeat","background-position":"center center","background-size":"auto","background-attachment":"scroll","background-type":"","background-media":"","overlay-type":"","overlay-color":"","overlay-opacity":"","overlay-gradient":""},"mobile":{"background-color":"","background-image":"","background-repeat":"repeat","background-position":"center center","background-size":"auto","background-attachment":"scroll","background-type":"","background-media":"","overlay-type":"","overlay-color":"","overlay-opacity":"","overlay-gradient":""}},"ast-content-background-meta":{"desktop":{"background-color":"var(--ast-global-color-5)","background-image":"","background-repeat":"repeat","background-position":"center center","background-size":"auto","background-attachment":"scroll","background-type":"","background-media":"","overlay-type":"","overlay-color":"","overlay-opacity":"","overlay-gradient":""},"tablet":{"background-color":"var(--ast-global-color-5)","background-image":"","background-repeat":"repeat","background-position":"center center","background-size":"auto","background-attachment":"scroll","background-type":"","background-media":"","overlay-type":"","overlay-color":"","overlay-opacity":"","overlay-gradient":""},"mobile":{"background-color":"var(--ast-global-color-5)","background-image":"","background-repeat":"repeat","background-position":"center center","background-size":"auto","background-attachment":"scroll","background-type":"","background-media":"","overlay-type":"","overlay-color":"","overlay-opacity":"","overlay-gradient":""}}},"product_brand":[],"product_cat":[15,135],"product_tag":[],"class_list":{"0":"post-5898","1":"product","2":"type-product","3":"status-publish","4":"has-post-thumbnail","6":"product_cat-uncategorized","7":"product_cat-dmk-cosmetic","8":"desktop-align-left","9":"tablet-align-left","10":"mobile-align-left","12":"first","13":"instock","14":"shipping-taxable","15":"product-type-simple"},"_links":{"self":[{"href":"https:\/\/www.dmkbaltic.com\/ru\/wp-json\/wp\/v2\/product\/5898","targetHints":{"allow":["GET"]}}],"collection":[{"href":"https:\/\/www.dmkbaltic.com\/ru\/wp-json\/wp\/v2\/product"}],"about":[{"href":"https:\/\/www.dmkbaltic.com\/ru\/wp-json\/wp\/v2\/types\/product"}],"version-history":[{"count":0,"href":"https:\/\/www.dmkbaltic.com\/ru\/wp-json\/wp\/v2\/product\/5898\/revisions"}],"wp:featuredmedia":[{"embeddable":true,"href":"https:\/\/www.dmkbaltic.com\/ru\/wp-json\/wp\/v2\/media\/5972"}],"wp:attachment":[{"href":"https:\/\/www.dmkbaltic.com\/ru\/wp-json\/wp\/v2\/media?parent=5898"}],"wp:term":[{"taxonomy":"product_brand","embeddable":true,"href":"https:\/\/www.dmkbaltic.com\/ru\/wp-json\/wp\/v2\/product_brand?post=5898"},{"taxonomy":"product_cat","embeddable":true,"href":"https:\/\/www.dmkbaltic.com\/ru\/wp-json\/wp\/v2\/product_cat?post=5898"},{"taxonomy":"product_tag","embeddable":true,"href":"https:\/\/www.dmkbaltic.com\/ru\/wp-json\/wp\/v2\/product_tag?post=5898"}],"curies":[{"name":"wp","href":"https:\/\/api.w.org\/{rel}","templated":true}]}}