{"id":5897,"date":"2023-08-22T18:19:09","date_gmt":"2023-08-22T15:19:09","guid":{"rendered":"https:\/\/dev.facecorner.lv\/dmklv\/?post_type=product&#038;p=5897"},"modified":"2023-10-20T11:53:14","modified_gmt":"2023-10-20T08:53:14","slug":"dmk-medium-powder","status":"publish","type":"product","link":"https:\/\/www.dmkbaltic.com\/ru\/product\/dmk-medium-powder\/","title":{"rendered":"DMK Medium Powder"},"content":{"rendered":"<h2>\u041e\u043f\u0438\u0441\u0430\u043d\u0438\u0435<\/h2>\n<ul>\n<li>Visas DMKC pulvera otas ir izgatavotas no augstas kvalit\u0101tes jenotu ka\u017eok\u0101das, kas ir pla\u0161i atz\u012bts par lab\u0101ko materi\u0101lu pulvera ot\u0101m, pateicoties t\u0101 kvalit\u0101tei un m\u012bkstajai saj\u016btai.<\/li>\n<\/ul>\n<p>&nbsp;<\/p>\n<ul>\n<li>Visas ka\u017eok\u0101das n\u0101k no \u012bpa\u0161\u0101m ferm\u0101m, kas ra\u017eo\u0161anas proces\u0101 nekait\u0113 dz\u012bvniekiem.<\/li>\n<\/ul>","protected":false},"excerpt":{"rendered":"<p>Apraksts Visas DMKC pulvera otas ir izgatavotas no augstas kvalit\u0101tes jenotu ka\u017eok\u0101das, kas ir pla\u0161i atz\u012bts par lab\u0101ko materi\u0101lu pulvera ot\u0101m, pateicoties t\u0101 kvalit\u0101tei un m\u012bkstajai saj\u016btai. &nbsp; Visas ka\u017eok\u0101das n\u0101k no \u012bpa\u0161\u0101m ferm\u0101m, kas ra\u017eo\u0161anas proces\u0101 nekait\u0113 dz\u012bvniekiem.<\/p>","protected":false},"featured_media":5970,"template":"","meta":{"site-sidebar-layout":"default","site-content-layout":"","ast-site-content-layout":"default","site-content-style":"default","site-sidebar-style":"default","ast-global-header-display":"","ast-banner-title-visibility":"","ast-main-header-display":"","ast-hfb-above-header-display":"","ast-hfb-below-header-display":"","ast-hfb-mobile-header-display":"","site-post-title":"","ast-breadcrumbs-content":"","ast-featured-img":"","footer-sml-layout":"","theme-transparent-header-meta":"default","adv-header-id-meta":"","stick-header-meta":"","header-above-stick-meta":"","header-main-stick-meta":"","header-below-stick-meta":"","astra-migrate-meta-layouts":"set","ast-page-background-enabled":"default","ast-page-background-meta":{"desktop":{"background-color":"","background-image":"","background-repeat":"repeat","background-position":"center center","background-size":"auto","background-attachment":"scroll","background-type":"","background-media":"","overlay-type":"","overlay-color":"","overlay-opacity":"","overlay-gradient":""},"tablet":{"background-color":"","background-image":"","background-repeat":"repeat","background-position":"center center","background-size":"auto","background-attachment":"scroll","background-type":"","background-media":"","overlay-type":"","overlay-color":"","overlay-opacity":"","overlay-gradient":""},"mobile":{"background-color":"","background-image":"","background-repeat":"repeat","background-position":"center center","background-size":"auto","background-attachment":"scroll","background-type":"","background-media":"","overlay-type":"","overlay-color":"","overlay-opacity":"","overlay-gradient":""}},"ast-content-background-meta":{"desktop":{"background-color":"var(--ast-global-color-5)","background-image":"","background-repeat":"repeat","background-position":"center center","background-size":"auto","background-attachment":"scroll","background-type":"","background-media":"","overlay-type":"","overlay-color":"","overlay-opacity":"","overlay-gradient":""},"tablet":{"background-color":"var(--ast-global-color-5)","background-image":"","background-repeat":"repeat","background-position":"center center","background-size":"auto","background-attachment":"scroll","background-type":"","background-media":"","overlay-type":"","overlay-color":"","overlay-opacity":"","overlay-gradient":""},"mobile":{"background-color":"var(--ast-global-color-5)","background-image":"","background-repeat":"repeat","background-position":"center center","background-size":"auto","background-attachment":"scroll","background-type":"","background-media":"","overlay-type":"","overlay-color":"","overlay-opacity":"","overlay-gradient":""}}},"product_brand":[],"product_cat":[15,135],"product_tag":[],"class_list":{"0":"post-5897","1":"product","2":"type-product","3":"status-publish","4":"has-post-thumbnail","6":"product_cat-uncategorized","7":"product_cat-dmk-cosmetic","8":"desktop-align-left","9":"tablet-align-left","10":"mobile-align-left","12":"first","13":"instock","14":"shipping-taxable","15":"product-type-simple"},"_links":{"self":[{"href":"https:\/\/www.dmkbaltic.com\/ru\/wp-json\/wp\/v2\/product\/5897","targetHints":{"allow":["GET"]}}],"collection":[{"href":"https:\/\/www.dmkbaltic.com\/ru\/wp-json\/wp\/v2\/product"}],"about":[{"href":"https:\/\/www.dmkbaltic.com\/ru\/wp-json\/wp\/v2\/types\/product"}],"version-history":[{"count":0,"href":"https:\/\/www.dmkbaltic.com\/ru\/wp-json\/wp\/v2\/product\/5897\/revisions"}],"wp:featuredmedia":[{"embeddable":true,"href":"https:\/\/www.dmkbaltic.com\/ru\/wp-json\/wp\/v2\/media\/5970"}],"wp:attachment":[{"href":"https:\/\/www.dmkbaltic.com\/ru\/wp-json\/wp\/v2\/media?parent=5897"}],"wp:term":[{"taxonomy":"product_brand","embeddable":true,"href":"https:\/\/www.dmkbaltic.com\/ru\/wp-json\/wp\/v2\/product_brand?post=5897"},{"taxonomy":"product_cat","embeddable":true,"href":"https:\/\/www.dmkbaltic.com\/ru\/wp-json\/wp\/v2\/product_cat?post=5897"},{"taxonomy":"product_tag","embeddable":true,"href":"https:\/\/www.dmkbaltic.com\/ru\/wp-json\/wp\/v2\/product_tag?post=5897"}],"curies":[{"name":"wp","href":"https:\/\/api.w.org\/{rel}","templated":true}]}}