{"id":5614,"date":"2023-08-22T18:17:11","date_gmt":"2023-08-22T15:17:11","guid":{"rendered":"https:\/\/dev.facecorner.lv\/dmklv\/?post_type=product&#038;p=5614"},"modified":"2024-03-25T16:07:40","modified_gmt":"2024-03-25T13:07:40","slug":"transgenesis-creme","status":"publish","type":"product","link":"https:\/\/www.dmkbaltic.com\/ru\/product\/transgenesis-creme\/","title":{"rendered":"DMK MD TransGenesis Creme 50ml"},"content":{"rendered":"<h2>\u041f\u043e\u043a\u0430\u0437\u0430\u043d\u0438\u044f<\/h2>\n<p>TransGenesis Cream izmanto enz\u012bmus, kas ieg\u016bti no j\u016bras avotiem kombin\u0101cij\u0101 ar stabiliem polipept\u012bdiem. T\u0101 uzlabot\u0101s sast\u0101vda\u013cas ir v\u0113rstas uz \u0161\u016bnu atjauno\u0161anos, tvirtumu, elast\u012bbu un mitruma saglab\u0101\u0161anu. TransGenesis ir viss, s\u0101kot no maigas virspus\u0113jas p\u012blinga, \u0101das nostiprin\u0101\u0161anas un kont\u016bru veido\u0161anas l\u012bdz izcilai baro\u0161anai, grumbu samazin\u0101\u0161anai un palielin\u0101tai kolag\u0113na ra\u017eo\u0161anai.<\/p>\n<h2>\u041f\u043e\u043a\u0430\u0437\u0430\u043d\u0438\u044f<\/h2>\n<p>\u0100das noveco\u0161an\u0101s paz\u012bmju (samazin\u0101ts tonuss, dzi\u013cas un virspus\u0113jas krunci\u0146as, sausums) \u0101rst\u0113\u0161ana un profilakse. Visiem \u0101das tipiem; \u0101da ar lip\u012bdu defic\u012btu; boj\u0101ta epidermas barjera.<\/p>\n<h2>\u041e\u0431\u044a\u0451\u043c<\/h2>\n<p>50 \u043c\u043b<\/p>","protected":false},"excerpt":{"rendered":"<p>Stimul\u0113 jaunu \u0161\u016bnu par\u0101d\u012b\u0161anos, atjaunojot \u0101das mirdzumu.<\/p>","protected":false},"featured_media":6412,"template":"","meta":{"site-sidebar-layout":"default","site-content-layout":"","ast-site-content-layout":"default","site-content-style":"default","site-sidebar-style":"default","ast-global-header-display":"","ast-banner-title-visibility":"","ast-main-header-display":"","ast-hfb-above-header-display":"","ast-hfb-below-header-display":"","ast-hfb-mobile-header-display":"","site-post-title":"","ast-breadcrumbs-content":"","ast-featured-img":"","footer-sml-layout":"","theme-transparent-header-meta":"default","adv-header-id-meta":"","stick-header-meta":"","header-above-stick-meta":"","header-main-stick-meta":"","header-below-stick-meta":"","astra-migrate-meta-layouts":"set","ast-page-background-enabled":"default","ast-page-background-meta":{"desktop":{"background-color":"","background-image":"","background-repeat":"repeat","background-position":"center center","background-size":"auto","background-attachment":"scroll","background-type":"","background-media":"","overlay-type":"","overlay-color":"","overlay-opacity":"","overlay-gradient":""},"tablet":{"background-color":"","background-image":"","background-repeat":"repeat","background-position":"center center","background-size":"auto","background-attachment":"scroll","background-type":"","background-media":"","overlay-type":"","overlay-color":"","overlay-opacity":"","overlay-gradient":""},"mobile":{"background-color":"","background-image":"","background-repeat":"repeat","background-position":"center center","background-size":"auto","background-attachment":"scroll","background-type":"","background-media":"","overlay-type":"","overlay-color":"","overlay-opacity":"","overlay-gradient":""}},"ast-content-background-meta":{"desktop":{"background-color":"var(--ast-global-color-5)","background-image":"","background-repeat":"repeat","background-position":"center center","background-size":"auto","background-attachment":"scroll","background-type":"","background-media":"","overlay-type":"","overlay-color":"","overlay-opacity":"","overlay-gradient":""},"tablet":{"background-color":"var(--ast-global-color-5)","background-image":"","background-repeat":"repeat","background-position":"center center","background-size":"auto","background-attachment":"scroll","background-type":"","background-media":"","overlay-type":"","overlay-color":"","overlay-opacity":"","overlay-gradient":""},"mobile":{"background-color":"var(--ast-global-color-5)","background-image":"","background-repeat":"repeat","background-position":"center center","background-size":"auto","background-attachment":"scroll","background-type":"","background-media":"","overlay-type":"","overlay-color":"","overlay-opacity":"","overlay-gradient":""}}},"product_brand":[],"product_cat":[15,128],"product_tag":[],"class_list":{"0":"post-5614","1":"product","2":"type-product","3":"status-publish","4":"has-post-thumbnail","6":"product_cat-uncategorized","7":"product_cat-md-linija-dmk-limited","8":"desktop-align-left","9":"tablet-align-left","10":"mobile-align-left","12":"first","13":"instock","14":"shipping-taxable","15":"product-type-simple"},"_links":{"self":[{"href":"https:\/\/www.dmkbaltic.com\/ru\/wp-json\/wp\/v2\/product\/5614","targetHints":{"allow":["GET"]}}],"collection":[{"href":"https:\/\/www.dmkbaltic.com\/ru\/wp-json\/wp\/v2\/product"}],"about":[{"href":"https:\/\/www.dmkbaltic.com\/ru\/wp-json\/wp\/v2\/types\/product"}],"version-history":[{"count":0,"href":"https:\/\/www.dmkbaltic.com\/ru\/wp-json\/wp\/v2\/product\/5614\/revisions"}],"wp:featuredmedia":[{"embeddable":true,"href":"https:\/\/www.dmkbaltic.com\/ru\/wp-json\/wp\/v2\/media\/6412"}],"wp:attachment":[{"href":"https:\/\/www.dmkbaltic.com\/ru\/wp-json\/wp\/v2\/media?parent=5614"}],"wp:term":[{"taxonomy":"product_brand","embeddable":true,"href":"https:\/\/www.dmkbaltic.com\/ru\/wp-json\/wp\/v2\/product_brand?post=5614"},{"taxonomy":"product_cat","embeddable":true,"href":"https:\/\/www.dmkbaltic.com\/ru\/wp-json\/wp\/v2\/product_cat?post=5614"},{"taxonomy":"product_tag","embeddable":true,"href":"https:\/\/www.dmkbaltic.com\/ru\/wp-json\/wp\/v2\/product_tag?post=5614"}],"curies":[{"name":"wp","href":"https:\/\/api.w.org\/{rel}","templated":true}]}}